{"id":1571,"date":"2024-01-27T06:08:14","date_gmt":"2024-01-27T04:08:14","guid":{"rendered":"https:\/\/www.living-point-property.com\/kontakt\/"},"modified":"2024-09-16T13:58:28","modified_gmt":"2024-09-16T10:58:28","slug":"immobilienmakler-in-hurghada-aegypten","status":"publish","type":"page","link":"https:\/\/www.living-point-property.com\/de\/immobilienmakler-in-hurghada-aegypten\/","title":{"rendered":"Kontakt"},"content":{"rendered":"<div class=\"wpb-content-wrapper\"><p>[vc_row full_width=&#8221;stretch_row&#8221;][vc_column]\r\n    <div class=\"mh-rs-search mh-rs-search--middle mh-rs-search--type-1 mh-rs-search--size-medium mh-rs-search--bg-light-mask\">\r\n        <style>\r\n            #myhome-search-form-submit .mh-search--button {\r\n                top: 0px !important;\r\n            }\r\n\r\n            @media (max-width: 778px) {\r\n                #myhome-search-form-submit .mh-search--button {\r\n                    top: 0px !important;\r\n                }\r\n            }\r\n        <\/style>\r\n        \n\t\t\t<!-- START SliderContactDE REVOLUTION SLIDER 6.7.12 --><p class=\"rs-p-wp-fix\"><\/p>\n\t\t\t<rs-module-wrap id=\"rev_slider_9_1_wrapper\" data-source=\"gallery\" style=\"visibility:hidden;background:transparent;padding:0;margin:0px auto;margin-top:0;margin-bottom:0;\">\n\t\t\t\t<rs-module id=\"rev_slider_9_1\" style=\"\" data-version=\"6.7.12\">\n\t\t\t\t\t<rs-slides style=\"overflow: hidden; position: absolute;\">\n\t\t\t\t\t\t<rs-slide style=\"position: absolute;\" data-key=\"rs-15\" data-title=\"Slide\" data-anim=\"adpr:false;ms:1200;\" data-in=\"o:1;x:(100%);\" data-out=\"a:false;\">\n\t\t\t\t\t\t\t<img decoding=\"async\" src=\"\/\/www.living-point-property.com\/wp-content\/plugins\/revslider\/sr6\/assets\/assets\/dummy.png\" alt=\"Real Estate Agents in Hurghada\" title=\"Contact Living Point Property in Egypt &#8211; Hurghada\" width=\"1920\" height=\"300\" class=\"rev-slidebg tp-rs-img rs-lazyload\" data-lazyload=\"\/\/www.living-point-property.com\/wp-content\/uploads\/2024\/02\/Contact-Living-Point-Property-original.jpeg\" data-no-retina>\n<!---->\t\t\t\t\t<\/rs-slide>\n\t\t\t\t\t<\/rs-slides>\n\t\t\t\t\t<rs-static-layers class=\"rs-stl-visible\"><!--\n\n\t\t\t\t\t\t\t--><rs-layer\n\t\t\t\t\t\t\t\tid=\"slider-9-slide-9-layer-7\" \n\t\t\t\t\t\t\t\tclass=\"rs-layer-static\"\n\t\t\t\t\t\t\t\tdata-type=\"text\"\n\t\t\t\t\t\t\t\tdata-rsp_ch=\"on\"\n\t\t\t\t\t\t\t\tdata-xy=\"x:c;xo:-2px,-2px,1px,-2px;y:m,m,m,t;yo:-33px,-33px,-44px,133px;\"\n\t\t\t\t\t\t\t\tdata-text=\"w:normal;s:58,58,21,20;l:73,73,40,35;fw:700;a:center;\"\n\t\t\t\t\t\t\t\tdata-dim=\"w:1546px,892px,317px,320px;h:auto,auto,84px,74px;\"\n\t\t\t\t\t\t\t\tdata-onslides=\"s:1;\"\n\t\t\t\t\t\t\t\tdata-frame_1=\"sR:10;\"\n\t\t\t\t\t\t\t\tdata-frame_999=\"o:0;st:w;sR:3190;\"\n\t\t\t\t\t\t\t\tstyle=\"z-index:6;font-family:'Roboto';text-transform:uppercase;\"\n\t\t\t\t\t\t\t>Immobilienmakler in Hurghada \n\t\t\t\t\t\t\t<\/rs-layer><!--\n\n\t\t\t\t\t\t\t--><rs-layer\n\t\t\t\t\t\t\t\tid=\"slider-9-slide-9-layer-8\" \n\t\t\t\t\t\t\t\tclass=\"rs-layer-static\"\n\t\t\t\t\t\t\t\tdata-type=\"text\"\n\t\t\t\t\t\t\t\tdata-rsp_ch=\"on\"\n\t\t\t\t\t\t\t\tdata-xy=\"x:c;xo:-10px,2px,-9px,-1px;y:m,m,m,t;yo:77px,93px,48px,251px;\"\n\t\t\t\t\t\t\t\tdata-text=\"w:normal,normal,normal,nowrap;s:30,28,16,22;l:22,31,22,30;fw:400,500,500,400;a:center,center,inherit,inherit;\"\n\t\t\t\t\t\t\t\tdata-dim=\"w:431px,400px,auto,auto;h:44px,40px,auto,auto;\"\n\t\t\t\t\t\t\t\tdata-onslides=\"s:1;\"\n\t\t\t\t\t\t\t\tdata-frame_1=\"x:0,0px,0px,0px;y:0,0px,0px,0px;sR:10;\"\n\t\t\t\t\t\t\t\tdata-frame_999=\"o:0;st:w;sR:3190;\"\n\t\t\t\t\t\t\t\tstyle=\"z-index:7;font-family:'Open Sans';font-style:italic;\"\n\t\t\t\t\t\t\t>Kontakt zu  Living Point Property \n\t\t\t\t\t\t\t<\/rs-layer><!--\n\n\t\t\t\t\t\t\t--><rs-layer\n\t\t\t\t\t\t\t\tid=\"slider-9-slide-9-layer-9\" \n\t\t\t\t\t\t\t\tclass=\"tp-shapetp-shapewrapper rs-layer-static\"\n\t\t\t\t\t\t\t\tdata-type=\"shape\"\n\t\t\t\t\t\t\t\tdata-rsp_ch=\"on\"\n\t\t\t\t\t\t\t\tdata-xy=\"x:c;xo:-1px;y:m;yo:1px;\"\n\t\t\t\t\t\t\t\tdata-text=\"a:inherit;\"\n\t\t\t\t\t\t\t\tdata-dim=\"w:100%;h:100%;\"\n\t\t\t\t\t\t\t\tdata-basealign=\"slide\"\n\t\t\t\t\t\t\t\tdata-onslides=\"s:1;\"\n\t\t\t\t\t\t\t\tdata-frame_1=\"sR:10;\"\n\t\t\t\t\t\t\t\tdata-frame_999=\"o:0;st:w;sR:3190;\"\n\t\t\t\t\t\t\t\tstyle=\"z-index:5;background-color:rgba(0,0,0,0.5);\"\n\t\t\t\t\t\t\t> \n\t\t\t\t\t\t\t<\/rs-layer><!--\n\t\t\t\t\t--><\/rs-static-layers>\n\t\t\t\t<\/rs-module>\n\t\t\t\t<script>\n\t\t\t\t\tsetREVStartSize({c: 'rev_slider_9_1',rl:[1240,1024,778,480],el:[400,350,470,470],gw:[1024,900,320,320],gh:[400,350,470,470],type:'standard',justify:'',layout:'fullwidth',mh:\"0\"});if (window.RS_MODULES!==undefined && window.RS_MODULES.modules!==undefined && window.RS_MODULES.modules[\"revslider91\"]!==undefined) {window.RS_MODULES.modules[\"revslider91\"].once = false;window.revapi9 = undefined;if (window.RS_MODULES.checkMinimal!==undefined) window.RS_MODULES.checkMinimal()}\n\t\t\t\t<\/script>\n\t\t\t<\/rs-module-wrap>\n\t\t\t<!-- END REVOLUTION SLIDER -->\n    <\/div>\r\n[\/vc_column][\/vc_row][vc_row][vc_column][vc_separator][\/vc_column][\/vc_row][vc_row full_width=&#8221;stretch_row&#8221; equal_height=&#8221;yes&#8221; css=&#8221;.vc_custom_1494337711020{margin-bottom: 48px !important;}&#8221;][vc_column width=&#8221;1\/3&#8243; css=&#8221;.vc_custom_1494336662073{padding-right: 24px !important;}&#8221;]<div class=\"mh-heading-wrapper--left \">\r\n\t\r\n        <div class=\"mh-heading-wrapper\">\r\n            <h2            class=\"mh-heading  mh-heading--bottom-separator   \"\r\n            style=\"font-weight:700;\">\r\n\t\t\tSchreiben sie uns        <\/h2>\r\n\r\n\t\t    <\/div>\r\n\r\n\t<\/div>\n<div class=\"wpcf7 no-js\" id=\"wpcf7-f2139-o1\" lang=\"de-DE\" dir=\"ltr\" data-wpcf7-id=\"2139\">\n<div class=\"screen-reader-response\"><p role=\"status\" aria-live=\"polite\" aria-atomic=\"true\"><\/p> <ul><\/ul><\/div>\n<form action=\"\/de\/wp-json\/wp\/v2\/pages\/1571#wpcf7-f2139-o1\" method=\"post\" class=\"wpcf7-form init\" aria-label=\"Kontaktformular\" novalidate=\"novalidate\" data-status=\"init\">\n<fieldset class=\"hidden-fields-container\"><input type=\"hidden\" name=\"_wpcf7\" value=\"2139\" \/><input type=\"hidden\" name=\"_wpcf7_version\" value=\"6.1.5\" \/><input type=\"hidden\" name=\"_wpcf7_locale\" value=\"de_DE\" \/><input type=\"hidden\" name=\"_wpcf7_unit_tag\" value=\"wpcf7-f2139-o1\" \/><input type=\"hidden\" name=\"_wpcf7_container_post\" value=\"0\" \/><input type=\"hidden\" name=\"_wpcf7_posted_data_hash\" value=\"\" \/>\n<\/fieldset>\n<p><label> Ihr Name<br \/>\n<span class=\"wpcf7-form-control-wrap\" data-name=\"your-name\"><input size=\"40\" maxlength=\"400\" class=\"wpcf7-form-control wpcf7-text wpcf7-validates-as-required\" autocomplete=\"name\" aria-required=\"true\" aria-invalid=\"false\" value=\"\" type=\"text\" name=\"your-name\" \/><\/span> <\/label>\n<\/p>\n<p><label> Ihre Email<br \/>\n<span class=\"wpcf7-form-control-wrap\" data-name=\"your-email\"><input size=\"40\" maxlength=\"400\" class=\"wpcf7-form-control wpcf7-email wpcf7-validates-as-required wpcf7-text wpcf7-validates-as-email\" autocomplete=\"email\" aria-required=\"true\" aria-invalid=\"false\" value=\"\" type=\"email\" name=\"your-email\" \/><\/span> <\/label>\n<\/p>\n<p><label> Ihre Anfrage<br \/>\n<span class=\"wpcf7-form-control-wrap\" data-name=\"your-subject\"><input size=\"40\" maxlength=\"400\" class=\"wpcf7-form-control wpcf7-text wpcf7-validates-as-required\" aria-required=\"true\" aria-invalid=\"false\" value=\"\" type=\"text\" name=\"your-subject\" \/><\/span> <\/label>\n<\/p>\n<p><label> Ihre Text (optional)<br \/>\n<span class=\"wpcf7-form-control-wrap\" data-name=\"your-message\"><textarea cols=\"40\" rows=\"10\" maxlength=\"2000\" class=\"wpcf7-form-control wpcf7-textarea\" aria-invalid=\"false\" name=\"your-message\"><\/textarea><\/span> <\/label>\n<\/p>\n<p><input class=\"wpcf7-form-control wpcf7-submit has-spinner\" type=\"submit\" value=\"Absenden\" \/>\n<\/p><div class=\"wpcf7-response-output\" aria-hidden=\"true\"><\/div>\n<\/form>\n<\/div>\n[\/vc_column][vc_column width=&#8221;1\/3&#8243; css=&#8221;.vc_custom_1494336828259{padding-right: 24px !important;padding-left: 24px !important;background-color: #f4f4f4 !important;}&#8221;][vc_column_text css=&#8221;&#8221;]<\/p>\n<h2>Immobilienmakler in Hurghada<\/h2>\n<p><strong>Sie k\u00f6nnen den f\u00fchrenden Immobilienmakler in Hurghada, also Living Point Property, \u00fcber das Kontaktformular auf dieser Seite oder per Telefon (Telegram &amp; Whatsapp) kontaktieren.<\/strong><\/p>\n<p><strong>E-Mail:<\/strong> sales@living-pont-property.com<br \/>\n<strong>Telefon:<\/strong> +20 128 651 1894<br \/>\n<strong>Anschrift:<\/strong> Bestway Street, Geb\u00e4ude 9, 2. Stock, New Kawser District, Hurghada<\/p>\n<p>Ihre ersten Fragen vor oder nach dem Kauf einer Immobilie beantworten wir in unseren FAQ. Schauen Sie einfach dort nach. Um mehr \u00fcber unser Unternehmen zu erfahren, besuchen Sie bitte die folgenden Seiten:<\/p>\n<ul>\n<li>\u00dcber uns<\/li>\n<li><a href=\"\/?page_id=1916\">FAQ<\/a><\/li>\n<\/ul>\n<p>Bitte z\u00f6gern Sie nicht, <a href=\"http:\/\/Real%20Estate%20Agents%20in%20Hurghada\" target=\"_blank\" rel=\"noopener\">Ihre Immobilienmakler<\/a> in Hurghada zu <a href=\"http:\/\/Real%20Estate%20Agents%20in%20Hurghada\" target=\"_blank\" rel=\"noopener\">kontaktieren<\/a>.[\/vc_column_text][\/vc_column][vc_column width=&#8221;1\/3&#8243; css=&#8221;.vc_custom_1494336835635{padding-right: 24px !important;padding-left: 24px !important;background-color: #f4f4f4 !important;}&#8221;][vc_single_image image=&#8221;810&#8243; img_size=&#8221;full&#8221;][vc_column_text]Wir arbeiten hart daran, die Tr\u00e4ume unserer Kunden wahr werden zu lassen. Bitte nehmen\u00a0 Sie im Voraus Kontakt zu Living Point Property \u00fcber das Formular auf dieser Seite auf.<\/p>\n<p><strong>Montag-Freitag:<\/strong> 10 Uhr bis 17 Uhr<br \/>\n<strong>Samstag:<\/strong> Geschlossen<br \/>\n<strong>Sonntag:<\/strong> Geschlossen[\/vc_column_text][\/vc_column][\/vc_row]<\/p>\n<\/div>","protected":false},"excerpt":{"rendered":"<p>[vc_row full_width=&#8221;stretch_row&#8221;][vc_column][\/vc_column][\/vc_row][vc_row][vc_column][vc_separator][\/vc_column][\/vc_row][vc_row full_width=&#8221;stretch_row&#8221; equal_height=&#8221;yes&#8221; css=&#8221;.vc_custom_1494337711020{margin-bottom: 48px !important;}&#8221;][vc_column width=&#8221;1\/3&#8243; css=&#8221;.vc_custom_1494336662073{padding-right: 24px !important;}&#8221;][\/vc_column][vc_column width=&#8221;1\/3&#8243; css=&#8221;.vc_custom_1494336828259{padding-right: 24px !important;padding-left: 24px !important;background-color: #f4f4f4 !important;}&#8221;][vc_column_text css=&#8221;&#8221;] Immobilienmakler in Hurghada Sie k\u00f6nnen den f\u00fchrenden Immobilienmakler in Hurghada, also Living Point Property, \u00fcber das Kontaktformular auf dieser Seite oder per Telefon (Telegram &amp; Whatsapp) kontaktieren. E-Mail: sales@living-pont-property.com Telefon: +20 128 651 1894 Anschrift: [&hellip;]<\/p>\n","protected":false},"author":1,"featured_media":1841,"parent":0,"menu_order":0,"comment_status":"closed","ping_status":"closed","template":"page_full-width.php","meta":{"_acf_changed":false,"footnotes":""},"class_list":["post-1571","page","type-page","status-publish","has-post-thumbnail","hentry"],"acf":[],"yoast_head":"<!-- This site is optimized with the Yoast SEO plugin v27.5 - https:\/\/yoast.com\/product\/yoast-seo-wordpress\/ -->\n<title>Immobilienmakler in Hurghada, \u00c4gypten<\/title>\n<meta name=\"description\" content=\"Immobilienmakler in Hurghada, \u00c4gypten. Wir bieten Studios, Apartments und Villen. Master Agent f\u00fcr Turtles Beach &amp; Summerland.\" \/>\n<meta name=\"robots\" content=\"index, follow, max-snippet:-1, max-image-preview:large, max-video-preview:-1\" \/>\n<link rel=\"canonical\" href=\"https:\/\/www.living-point-property.com\/de\/immobilienmakler-in-hurghada-aegypten\/\" \/>\n<meta property=\"og:locale\" content=\"de_DE\" \/>\n<meta property=\"og:type\" content=\"article\" \/>\n<meta property=\"og:title\" content=\"Immobilienmakler in Hurghada, \u00c4gypten\" \/>\n<meta property=\"og:description\" content=\"Immobilienmakler in Hurghada, \u00c4gypten. Wir bieten Studios, Apartments und Villen. Master Agent f\u00fcr Turtles Beach &amp; Summerland.\" \/>\n<meta property=\"og:url\" content=\"https:\/\/www.living-point-property.com\/de\/immobilienmakler-in-hurghada-aegypten\/\" \/>\n<meta property=\"og:site_name\" content=\"Immobilien in \u00c4gypten von Living Point\" \/>\n<meta property=\"article:publisher\" content=\"https:\/\/www.facebook.com\/livingpointproperty\" \/>\n<meta property=\"article:modified_time\" content=\"2024-09-16T10:58:28+00:00\" \/>\n<meta property=\"og:image\" content=\"https:\/\/www.living-point-property.com\/wp-content\/uploads\/2024\/02\/Contact-Living-Point-Property-original.jpeg\" \/>\n\t<meta property=\"og:image:width\" content=\"1920\" \/>\n\t<meta property=\"og:image:height\" content=\"300\" \/>\n\t<meta property=\"og:image:type\" content=\"image\/jpeg\" \/>\n<meta name=\"twitter:card\" content=\"summary_large_image\" \/>\n<meta name=\"twitter:site\" content=\"@LivingPoint_LTD\" \/>\n<meta name=\"twitter:label1\" content=\"Gesch\u00e4tzte Lesezeit\" \/>\n\t<meta name=\"twitter:data1\" content=\"1\u00a0Minute\" \/>\n<script type=\"application\/ld+json\" class=\"yoast-schema-graph\">{\"@context\":\"https:\\\/\\\/schema.org\",\"@graph\":[{\"@type\":\"WebPage\",\"@id\":\"https:\\\/\\\/www.living-point-property.com\\\/de\\\/immobilienmakler-in-hurghada-aegypten\\\/\",\"url\":\"https:\\\/\\\/www.living-point-property.com\\\/de\\\/immobilienmakler-in-hurghada-aegypten\\\/\",\"name\":\"Immobilienmakler in Hurghada, \u00c4gypten\",\"isPartOf\":{\"@id\":\"https:\\\/\\\/www.living-point-property.com\\\/de\\\/#website\"},\"primaryImageOfPage\":{\"@id\":\"https:\\\/\\\/www.living-point-property.com\\\/de\\\/immobilienmakler-in-hurghada-aegypten\\\/#primaryimage\"},\"image\":{\"@id\":\"https:\\\/\\\/www.living-point-property.com\\\/de\\\/immobilienmakler-in-hurghada-aegypten\\\/#primaryimage\"},\"thumbnailUrl\":\"https:\\\/\\\/www.living-point-property.com\\\/wp-content\\\/uploads\\\/2024\\\/02\\\/Contact-Living-Point-Property-original.jpeg\",\"datePublished\":\"2024-01-27T04:08:14+00:00\",\"dateModified\":\"2024-09-16T10:58:28+00:00\",\"description\":\"Immobilienmakler in Hurghada, \u00c4gypten. Wir bieten Studios, Apartments und Villen. Master Agent f\u00fcr Turtles Beach & Summerland.\",\"breadcrumb\":{\"@id\":\"https:\\\/\\\/www.living-point-property.com\\\/de\\\/immobilienmakler-in-hurghada-aegypten\\\/#breadcrumb\"},\"inLanguage\":\"de\",\"potentialAction\":[{\"@type\":\"ReadAction\",\"target\":[\"https:\\\/\\\/www.living-point-property.com\\\/de\\\/immobilienmakler-in-hurghada-aegypten\\\/\"]}]},{\"@type\":\"ImageObject\",\"inLanguage\":\"de\",\"@id\":\"https:\\\/\\\/www.living-point-property.com\\\/de\\\/immobilienmakler-in-hurghada-aegypten\\\/#primaryimage\",\"url\":\"https:\\\/\\\/www.living-point-property.com\\\/wp-content\\\/uploads\\\/2024\\\/02\\\/Contact-Living-Point-Property-original.jpeg\",\"contentUrl\":\"https:\\\/\\\/www.living-point-property.com\\\/wp-content\\\/uploads\\\/2024\\\/02\\\/Contact-Living-Point-Property-original.jpeg\",\"width\":1920,\"height\":300,\"caption\":\"Real Estate in Egypt\"},{\"@type\":\"BreadcrumbList\",\"@id\":\"https:\\\/\\\/www.living-point-property.com\\\/de\\\/immobilienmakler-in-hurghada-aegypten\\\/#breadcrumb\",\"itemListElement\":[{\"@type\":\"ListItem\",\"position\":1,\"name\":\"Home\",\"item\":\"https:\\\/\\\/www.living-point-property.com\\\/de\\\/\"},{\"@type\":\"ListItem\",\"position\":2,\"name\":\"Kontakt\"}]},{\"@type\":\"WebSite\",\"@id\":\"https:\\\/\\\/www.living-point-property.com\\\/de\\\/#website\",\"url\":\"https:\\\/\\\/www.living-point-property.com\\\/de\\\/\",\"name\":\"Egypt Properties from Living Point Property\",\"description\":\"Immobilien in \u00c4gypten\",\"publisher\":{\"@id\":\"https:\\\/\\\/www.living-point-property.com\\\/de\\\/#organization\"},\"alternateName\":\"Egypt Real Estate from Living Point Property\",\"potentialAction\":[{\"@type\":\"SearchAction\",\"target\":{\"@type\":\"EntryPoint\",\"urlTemplate\":\"https:\\\/\\\/www.living-point-property.com\\\/de\\\/?s={search_term_string}\"},\"query-input\":{\"@type\":\"PropertyValueSpecification\",\"valueRequired\":true,\"valueName\":\"search_term_string\"}}],\"inLanguage\":\"de\"},{\"@type\":\"Organization\",\"@id\":\"https:\\\/\\\/www.living-point-property.com\\\/de\\\/#organization\",\"name\":\"Living Point Property\",\"url\":\"https:\\\/\\\/www.living-point-property.com\\\/de\\\/\",\"logo\":{\"@type\":\"ImageObject\",\"inLanguage\":\"de\",\"@id\":\"https:\\\/\\\/www.living-point-property.com\\\/de\\\/#\\\/schema\\\/logo\\\/image\\\/\",\"url\":\"https:\\\/\\\/www.living-point-property.com\\\/wp-content\\\/uploads\\\/2024\\\/01\\\/logo-1.png\",\"contentUrl\":\"https:\\\/\\\/www.living-point-property.com\\\/wp-content\\\/uploads\\\/2024\\\/01\\\/logo-1.png\",\"width\":360,\"height\":233,\"caption\":\"Living Point Property\"},\"image\":{\"@id\":\"https:\\\/\\\/www.living-point-property.com\\\/de\\\/#\\\/schema\\\/logo\\\/image\\\/\"},\"sameAs\":[\"https:\\\/\\\/www.facebook.com\\\/livingpointproperty\",\"https:\\\/\\\/x.com\\\/LivingPoint_LTD\",\"https:\\\/\\\/www.instagram.com\\\/living_point_property_ltd\\\/\"]}]}<\/script>\n<!-- \/ Yoast SEO plugin. -->","yoast_head_json":{"title":"Immobilienmakler in Hurghada, \u00c4gypten","description":"Immobilienmakler in Hurghada, \u00c4gypten. Wir bieten Studios, Apartments und Villen. Master Agent f\u00fcr Turtles Beach & Summerland.","robots":{"index":"index","follow":"follow","max-snippet":"max-snippet:-1","max-image-preview":"max-image-preview:large","max-video-preview":"max-video-preview:-1"},"canonical":"https:\/\/www.living-point-property.com\/de\/immobilienmakler-in-hurghada-aegypten\/","og_locale":"de_DE","og_type":"article","og_title":"Immobilienmakler in Hurghada, \u00c4gypten","og_description":"Immobilienmakler in Hurghada, \u00c4gypten. Wir bieten Studios, Apartments und Villen. Master Agent f\u00fcr Turtles Beach & Summerland.","og_url":"https:\/\/www.living-point-property.com\/de\/immobilienmakler-in-hurghada-aegypten\/","og_site_name":"Immobilien in \u00c4gypten von Living Point","article_publisher":"https:\/\/www.facebook.com\/livingpointproperty","article_modified_time":"2024-09-16T10:58:28+00:00","og_image":[{"width":1920,"height":300,"url":"https:\/\/www.living-point-property.com\/wp-content\/uploads\/2024\/02\/Contact-Living-Point-Property-original.jpeg","type":"image\/jpeg"}],"twitter_card":"summary_large_image","twitter_site":"@LivingPoint_LTD","twitter_misc":{"Gesch\u00e4tzte Lesezeit":"1\u00a0Minute"},"schema":{"@context":"https:\/\/schema.org","@graph":[{"@type":"WebPage","@id":"https:\/\/www.living-point-property.com\/de\/immobilienmakler-in-hurghada-aegypten\/","url":"https:\/\/www.living-point-property.com\/de\/immobilienmakler-in-hurghada-aegypten\/","name":"Immobilienmakler in Hurghada, \u00c4gypten","isPartOf":{"@id":"https:\/\/www.living-point-property.com\/de\/#website"},"primaryImageOfPage":{"@id":"https:\/\/www.living-point-property.com\/de\/immobilienmakler-in-hurghada-aegypten\/#primaryimage"},"image":{"@id":"https:\/\/www.living-point-property.com\/de\/immobilienmakler-in-hurghada-aegypten\/#primaryimage"},"thumbnailUrl":"https:\/\/www.living-point-property.com\/wp-content\/uploads\/2024\/02\/Contact-Living-Point-Property-original.jpeg","datePublished":"2024-01-27T04:08:14+00:00","dateModified":"2024-09-16T10:58:28+00:00","description":"Immobilienmakler in Hurghada, \u00c4gypten. Wir bieten Studios, Apartments und Villen. Master Agent f\u00fcr Turtles Beach & Summerland.","breadcrumb":{"@id":"https:\/\/www.living-point-property.com\/de\/immobilienmakler-in-hurghada-aegypten\/#breadcrumb"},"inLanguage":"de","potentialAction":[{"@type":"ReadAction","target":["https:\/\/www.living-point-property.com\/de\/immobilienmakler-in-hurghada-aegypten\/"]}]},{"@type":"ImageObject","inLanguage":"de","@id":"https:\/\/www.living-point-property.com\/de\/immobilienmakler-in-hurghada-aegypten\/#primaryimage","url":"https:\/\/www.living-point-property.com\/wp-content\/uploads\/2024\/02\/Contact-Living-Point-Property-original.jpeg","contentUrl":"https:\/\/www.living-point-property.com\/wp-content\/uploads\/2024\/02\/Contact-Living-Point-Property-original.jpeg","width":1920,"height":300,"caption":"Real Estate in Egypt"},{"@type":"BreadcrumbList","@id":"https:\/\/www.living-point-property.com\/de\/immobilienmakler-in-hurghada-aegypten\/#breadcrumb","itemListElement":[{"@type":"ListItem","position":1,"name":"Home","item":"https:\/\/www.living-point-property.com\/de\/"},{"@type":"ListItem","position":2,"name":"Kontakt"}]},{"@type":"WebSite","@id":"https:\/\/www.living-point-property.com\/de\/#website","url":"https:\/\/www.living-point-property.com\/de\/","name":"Egypt Properties from Living Point Property","description":"Immobilien in \u00c4gypten","publisher":{"@id":"https:\/\/www.living-point-property.com\/de\/#organization"},"alternateName":"Egypt Real Estate from Living Point Property","potentialAction":[{"@type":"SearchAction","target":{"@type":"EntryPoint","urlTemplate":"https:\/\/www.living-point-property.com\/de\/?s={search_term_string}"},"query-input":{"@type":"PropertyValueSpecification","valueRequired":true,"valueName":"search_term_string"}}],"inLanguage":"de"},{"@type":"Organization","@id":"https:\/\/www.living-point-property.com\/de\/#organization","name":"Living Point Property","url":"https:\/\/www.living-point-property.com\/de\/","logo":{"@type":"ImageObject","inLanguage":"de","@id":"https:\/\/www.living-point-property.com\/de\/#\/schema\/logo\/image\/","url":"https:\/\/www.living-point-property.com\/wp-content\/uploads\/2024\/01\/logo-1.png","contentUrl":"https:\/\/www.living-point-property.com\/wp-content\/uploads\/2024\/01\/logo-1.png","width":360,"height":233,"caption":"Living Point Property"},"image":{"@id":"https:\/\/www.living-point-property.com\/de\/#\/schema\/logo\/image\/"},"sameAs":["https:\/\/www.facebook.com\/livingpointproperty","https:\/\/x.com\/LivingPoint_LTD","https:\/\/www.instagram.com\/living_point_property_ltd\/"]}]}},"_links":{"self":[{"href":"https:\/\/www.living-point-property.com\/de\/wp-json\/wp\/v2\/pages\/1571","targetHints":{"allow":["GET"]}}],"collection":[{"href":"https:\/\/www.living-point-property.com\/de\/wp-json\/wp\/v2\/pages"}],"about":[{"href":"https:\/\/www.living-point-property.com\/de\/wp-json\/wp\/v2\/types\/page"}],"author":[{"embeddable":true,"href":"https:\/\/www.living-point-property.com\/de\/wp-json\/wp\/v2\/users\/1"}],"replies":[{"embeddable":true,"href":"https:\/\/www.living-point-property.com\/de\/wp-json\/wp\/v2\/comments?post=1571"}],"version-history":[{"count":0,"href":"https:\/\/www.living-point-property.com\/de\/wp-json\/wp\/v2\/pages\/1571\/revisions"}],"wp:featuredmedia":[{"embeddable":true,"href":"https:\/\/www.living-point-property.com\/de\/wp-json\/wp\/v2\/media\/1841"}],"wp:attachment":[{"href":"https:\/\/www.living-point-property.com\/de\/wp-json\/wp\/v2\/media?parent=1571"}],"curies":[{"name":"wp","href":"https:\/\/api.w.org\/{rel}","templated":true}]}}